{"id":3992,"date":"2025-01-22T13:50:53","date_gmt":"2025-01-22T13:50:53","guid":{"rendered":"https:\/\/furamsnowboard.si\/?page_id=3992"},"modified":"2026-01-12T17:56:05","modified_gmt":"2026-01-12T17:56:05","slug":"vikend-tecaj-za-otroke","status":"publish","type":"page","link":"https:\/\/www.furamsnowboard.si\/en\/vikend-tecaj-za-otroke\/","title":{"rendered":"WEEKEND COURSES FOR CHILDREN"},"content":{"rendered":"<!--themify_builder_content-->\n<div id=\"themify_builder_content-3992\" data-postid=\"3992\" class=\"themify_builder_content themify_builder_content-3992 themify_builder tf_clear\">\n    \t<!-- module_row -->\n\t<div  data-lazy=\"1\" class=\"module_row themify_builder_row tb_kwr9548 tb_first tf_clearfix\">\n\t    \t\t<div class=\"row_inner col_align_top tf_box tf_w tf_rel\">\n\t\t\t<div  data-lazy=\"1\" class=\"module_column tb-column col-full first tb_zrih548 tf_box\">\n\t    \t    \t        <div class=\"tb-column-inner tf_box tf_w\">\n\t\t    \t<div  data-lazy=\"1\" class=\"module_subrow themify_builder_sub_row tb_3oc3111 tf_w tf_clearfix\">\n\t    \t\t<div class=\"subrow_inner col_align_top tf_box tf_w\">\n\t\t\t<div  data-lazy=\"1\" class=\"sub_column module_column tf_box col-full first tb_tt7k112\"> \n\t    \t    \t        <div class=\"tb-column-inner tf_box tf_w\">\n\t\t    <!-- module text -->\n<div  class=\"module module-text tb_hqv0127  repeat\" data-lazy=\"1\">\n        <div  class=\"tb_text_wrap\">\n    <h1 style=\"text-align: center;\"><span style=\"background-color: initial; font-size: 1em;\">WEEKEND COURSES FOR CHILDREN\u00a0<\/span><\/h1>    <\/div>\n<\/div>\n<!-- \/module text -->\t        <\/div>\n\t    \t<\/div>\n\t\t    <\/div>\n\t<\/div><!-- \/themify_builder_sub_row -->\n\t\t        <\/div>\n\t    \t<\/div>\n\t\t    <\/div>\n\t    <!-- \/row_inner -->\n\t<\/div>\n\t<!-- \/module_row -->\n\t\t<!-- module_row -->\n\t<div  data-lazy=\"1\" class=\"module_row themify_builder_row repeat tb_owoy887 tf_clearfix\" >\n\t    \t\t<div class=\"row_inner col_align_top tf_box tf_w tf_rel\">\n\t\t\t<div  data-lazy=\"1\" class=\"module_column tb-column col2-1 first tb_0inr888 tf_box\">\n\t    \t    \t        <div class=\"tb-column-inner tf_box tf_w\">\n\t\t    <!-- module image -->\n<div  class=\"module module-image tb_979f711   image-right tf_mw\" data-lazy=\"1\">\n        <div class=\"image-wrap tf_rel tf_mw\">\n\t\t    <img loading=\"lazy\" decoding=\"async\" src=\"https:\/\/furamsnowboard.si\/wp-content\/uploads\/2023\/09\/furamgreta-1.png\" width=\"145\" height=\"168\" title=\"WEEKEND COURSES FOR CHILDREN\" alt=\"VIKEND TE\u010cAJI ZA OTROKE\">\t\n\t\t<\/div>\n\t<!-- \/image-wrap -->\n    \n    \t<\/div>\n<!-- \/module image -->\t        <\/div>\n\t    \t<\/div>\n\t\t<div  data-lazy=\"1\" class=\"module_column tb-column col2-1 last tb_87yh889 tf_box\">\n\t    \t    \t        <div class=\"tb-column-inner tf_box tf_w\">\n\t\t    <!-- module image -->\n<div  class=\"module module-image tb_s8ab266   image-left tf_mw\" data-lazy=\"1\">\n        <div class=\"image-wrap tf_rel tf_mw\">\n\t\t    <img loading=\"lazy\" decoding=\"async\" src=\"https:\/\/furamsnowboard.si\/wp-content\/uploads\/2023\/09\/furamtimi-1.png\" width=\"142\" height=\"160\" title=\"WEEKEND COURSES FOR CHILDREN\" alt=\"VIKEND TE\u010cAJI ZA OTROKE\">\t\n\t\t<\/div>\n\t<!-- \/image-wrap -->\n    \n    \t<\/div>\n<!-- \/module image -->\t        <\/div>\n\t    \t<\/div>\n\t\t    <\/div>\n\t    <!-- \/row_inner -->\n\t<\/div>\n\t<!-- \/module_row -->\n\t\t<!-- module_row -->\n\t<div  data-lazy=\"1\" class=\"module_row themify_builder_row repeat tb_fhzm622 tf_clearfix\" >\n\t    \t\t<div class=\"row_inner col_align_top tf_box tf_w tf_rel\">\n\t\t\t<div  data-lazy=\"1\" class=\"module_column tb-column col-full first tb_xrdt623 tf_box\">\n\t    \t    \t        <div class=\"tb-column-inner tf_box tf_w\">\n\t\t    <!-- module text -->\n<div  class=\"module module-text tb_95gd744\" data-lazy=\"1\">\n        <div  class=\"tb_text_wrap\">\n    <p style=\"text-align: justify;\" class=\"translation-block\">Join our BEGINNER and INTERMEDIATE SNOWBOARD WEEKEND COURSES at Krvavec, tailored for children aged 6 to 16 who want to learn the basics of snowboarding or improve their skills. Our experienced instructors ensure a safe and fun learning experience, adapted to their abilities and prior experience.<\/p>\n<p style=\"text-align: justify;\"><span style=\"font-weight: bold; font-size: 18pt;\">COURSE SCHEDULE\u00a0<\/span><\/p>\n<table id=\"tablepress-18\" class=\"tablepress tablepress-id-18\" style=\"--hover-text-color: #111; --hover-bg-color: #f3f3f3; --border-color: #ddd; --padding: 0.5rem; width: 989.828px; --head-active-bg-color: #049cdb; --head-active-text-color: #111; --head-sort-arrow-color: #111;\">\n<thead>\n<tr class=\"row-1\">\n<th class=\"column-1\" style=\"padding: 8px; background-color: #d9edf7; color: #111111;\"><span style=\"color: #595454;\">TIME<\/span><\/th>\n<th class=\"column-2\" style=\"padding: 8px; background-color: #d9edf7; color: #111111;\"><span style=\"color: #595454;\">ACTIVITY<\/span><\/th>\n<\/tr>\n<\/thead>\n<tbody class=\"row-striping row-hover\">\n<tr class=\"row-2\">\n<td class=\"column-1\" style=\"padding: 8px; background-color: #ffffff; border-top: 1px solid #dddddd; color: #111111;\"><span style=\"color: #595454;\">10:00 \u2013 10:15<\/span><\/td>\n<td class=\"column-2\" style=\"padding: 8px; background-color: #ffffff; border-top: 1px solid #dddddd; color: #111111;\"><span style=\"color: #595454;\">Meeting Point: Brunarica Son\u010dek (above the ski conveyor belt)<\/span><\/td>\n<\/tr>\n<tr class=\"row-3\">\n<td class=\"column-1\" style=\"padding: 8px; background-color: #f9f9f9; border-top: 1px solid #dddddd; color: #111111;\"><span style=\"color: #595454;\">10:15 \u2013 10:30<\/span><\/td>\n<td class=\"column-2\" style=\"padding: 8px; background-color: #f9f9f9; border-top: 1px solid #dddddd; color: #111111;\"><span style=\"color: #595454;\">Warm-up<\/span><\/td>\n<\/tr>\n<tr class=\"row-4\">\n<td class=\"column-1\" style=\"padding: 8px; background-color: #ffffff; border-top: 1px solid #dddddd; color: #111111;\"><span style=\"color: #595454;\">10:30 \u2013 12:00<\/span><\/td>\n<td class=\"column-2\" style=\"padding: 8px; background-color: #ffffff; border-top: 1px solid #dddddd; color: #111111;\"><span style=\"color: #595454;\">Snowboarding lessons<\/span><\/td>\n<\/tr>\n<tr class=\"row-5\">\n<td class=\"column-1\" style=\"padding: 8px; background-color: #f9f9f9; border-top: 1px solid #dddddd; color: #111111;\"><span style=\"color: #595454;\">12:00 \u2013 12:30<\/span><\/td>\n<td class=\"column-2\" style=\"padding: 8px; background-color: #f9f9f9; border-top: 1px solid #dddddd; color: #111111;\"><span style=\"color: #595454;\">Odmor<\/span><\/td>\n<\/tr>\n<tr class=\"row-6\">\n<td class=\"column-1\" style=\"padding: 8px; background-color: #f3f3f3; border-top: 1px solid #dddddd; color: #111111;\"><span style=\"color: #595454;\">12:30 \u2013 15:00<\/span><\/td>\n<td class=\"column-2\" style=\"padding: 8px; background-color: #f3f3f3; border-top: 1px solid #dddddd; color: #111111;\"><span style=\"color: #595454;\">Snowboarding lessons<\/span><\/td>\n<\/tr>\n<\/tbody>\n<\/table>\n<div><span style=\"background-color: initial; font-size: 1em;\">*The course takes place every weekend if at least three children are enrolled.<\/span><\/div>    <\/div>\n<\/div>\n<!-- \/module text -->\t        <\/div>\n\t    \t<\/div>\n\t\t    <\/div>\n\t    <!-- \/row_inner -->\n\t<\/div>\n\t<!-- \/module_row -->\n\t\t<!-- module_row -->\n\t<div  data-lazy=\"1\" class=\"module_row themify_builder_row tb_q8c3846 tf_clearfix\" >\n\t    \t\t<div class=\"row_inner col_align_top tf_box tf_w tf_rel\">\n\t\t\t<div  data-lazy=\"1\" class=\"module_column tb-column col2-1 first tb_ywdj847 tf_box\">\n\t    \t    \t        <div class=\"tb-column-inner tf_box tf_w\">\n\t\t    <!-- module text -->\n<div  class=\"module module-text tb_0y0n186\" data-lazy=\"1\">\n        <div  class=\"tb_text_wrap\">\n    <p><span style=\"font-size: 18pt;\"><b>WHY CHOOSE OUR COURSES?<\/b><\/span><\/p>\n<p style=\"text-align: justify;\">Our snowboard courses combine expertise, a personalized approach, and a friendly atmosphere, ensuring a unique learning experience:<\/p>\n<ul>\n<li style=\"text-align: justify;\" class=\"translation-block\">Professional Instructors: Our team consists of experienced and certified instructors who ensure high-quality and safe learning.<\/li>\n<li style=\"text-align: justify;\" class=\"translation-block\">Small Groups: A low number of participants allows for a personalized approach and program adaptation to meet each individual's needs.<\/li>\n<li style=\"text-align: justify;\" class=\"translation-block\">Friendly Environment: The courses are a great opportunity to meet new people and enjoy the snow in a relaxed and fun atmosphere.<\/li>\n<\/ul>    <\/div>\n<\/div>\n<!-- \/module text -->\t        <\/div>\n\t    \t<\/div>\n\t\t<div  data-lazy=\"1\" class=\"module_column tb-column col2-1 last tb_92dc847 tf_box\">\n\t    \t    \t        <div class=\"tb-column-inner tf_box tf_w\">\n\t\t    <!-- module text -->\n<div  class=\"module module-text tb_k18c456  repeat\" data-lazy=\"1\">\n        <div  class=\"tb_text_wrap\">\n    <h1 style=\"text-align: center; background-color: #dff2fa;\"><i>Price: 145 eur\u00a0<\/i><\/h1>\n<div style=\"background-color: #dff2fa; text-align: center;\"><i style=\"background-color: initial; text-align: center; font-size: 1em;\">*The price does NOT include ski passes.<\/i>\n<table id=\"tablepress-9\" class=\"tablepress tablepress-id-9\" style=\"--text-color: #111; --head-text-color: var(--text-color); --head-bg-color: #d9edf7; --odd-text-color: var(--text-color); --odd-bg-color: #fff; --even-text-color: var(--text-color); --even-bg-color: #f9f9f9; --hover-text-color: var(--text-color); --hover-bg-color: #f3f3f3; --border-color: #ddd; --padding: 0.5rem; width: 989.828px; --head-active-bg-color: #049cdb; --head-active-text-color: var(--head-text-color); --head-sort-arrow-color: var(--head-active-text-color); font-size: 1em; background-color: initial;\"><\/table>\n<\/div>    <\/div>\n<\/div>\n<!-- \/module text -->\t        <\/div>\n\t    \t<\/div>\n\t\t    <\/div>\n\t    <!-- \/row_inner -->\n\t<\/div>\n\t<!-- \/module_row -->\n\t<\/div>\n<!--\/themify_builder_content-->","protected":false},"excerpt":{"rendered":"<p>VIKEND TE\u010cAJI ZA OTROKE Pridru\u017eite se na\u0161im ZA\u010cETNIM in NADALJEVALNIM SNOWBOARD VIKEND TE\u010cAJEM na Krvavcu, prilagojenim potrebam otrok, starih od 6 do 16 let, ki \u017eelijo spoznati osnove deskanja ali izbolj\u0161ati svoje znanje. Na\u0161i izku\u0161eni in\u0161truktorji poskrbijo za varno in zabavno u\u010denje, prilagojeno njihovim sposobnostim in predhodnim izku\u0161njam. URNIK TE\u010cAJA URA DEJAVNOST 10:00 \u2013 10:15 [&hellip;]<\/p>","protected":false},"author":1,"featured_media":0,"parent":0,"menu_order":0,"comment_status":"closed","ping_status":"closed","template":"","meta":{"om_disable_all_campaigns":false,"_monsterinsights_skip_tracking":false,"_monsterinsights_sitenote_active":false,"_monsterinsights_sitenote_note":"","_monsterinsights_sitenote_category":0,"footnotes":""},"class_list":["post-3992","page","type-page","status-publish","hentry","has-post-title","has-post-date","has-post-category","has-post-tag","has-post-comment","has-post-author",""],"aioseo_notices":[],"jetpack_sharing_enabled":true,"_links":{"self":[{"href":"https:\/\/www.furamsnowboard.si\/en\/wp-json\/wp\/v2\/pages\/3992","targetHints":{"allow":["GET"]}}],"collection":[{"href":"https:\/\/www.furamsnowboard.si\/en\/wp-json\/wp\/v2\/pages"}],"about":[{"href":"https:\/\/www.furamsnowboard.si\/en\/wp-json\/wp\/v2\/types\/page"}],"author":[{"embeddable":true,"href":"https:\/\/www.furamsnowboard.si\/en\/wp-json\/wp\/v2\/users\/1"}],"replies":[{"embeddable":true,"href":"https:\/\/www.furamsnowboard.si\/en\/wp-json\/wp\/v2\/comments?post=3992"}],"version-history":[{"count":19,"href":"https:\/\/www.furamsnowboard.si\/en\/wp-json\/wp\/v2\/pages\/3992\/revisions"}],"predecessor-version":[{"id":4342,"href":"https:\/\/www.furamsnowboard.si\/en\/wp-json\/wp\/v2\/pages\/3992\/revisions\/4342"}],"wp:attachment":[{"href":"https:\/\/www.furamsnowboard.si\/en\/wp-json\/wp\/v2\/media?parent=3992"}],"curies":[{"name":"wp","href":"https:\/\/api.w.org\/{rel}","templated":true}]}}