{"id":3973,"date":"2025-01-22T13:45:29","date_gmt":"2025-01-22T13:45:29","guid":{"rendered":"https:\/\/furamsnowboard.si\/?page_id=3973"},"modified":"2025-10-03T06:03:31","modified_gmt":"2025-10-03T06:03:31","slug":"mini-tecaj","status":"publish","type":"page","link":"https:\/\/www.furamsnowboard.si\/en\/mini-tecaj\/","title":{"rendered":"MINI TE\u010cAJI"},"content":{"rendered":"<!--themify_builder_content-->\n<div id=\"themify_builder_content-3973\" data-postid=\"3973\" class=\"themify_builder_content themify_builder_content-3973 themify_builder tf_clear\">\n    \t<!-- module_row -->\n\t<div  data-lazy=\"1\" class=\"module_row themify_builder_row tb_i23m685 tb_first tf_clearfix\">\n\t    \t\t<div class=\"row_inner col_align_top tf_box tf_w tf_rel\">\n\t\t\t<div  data-lazy=\"1\" class=\"module_column tb-column col-full first tb_8ndd685 tf_box\">\n\t    \t    \t        <div class=\"tb-column-inner tf_box tf_w\">\n\t\t    \t<div  data-lazy=\"1\" class=\"module_subrow themify_builder_sub_row tb_nu2z240 tf_w tf_clearfix\">\n\t    \t\t<div class=\"subrow_inner col_align_top tf_box tf_w\">\n\t\t\t<div  data-lazy=\"1\" class=\"sub_column module_column tf_box col-full first tb_ubep241\"> \n\t    \t    \t        <div class=\"tb-column-inner tf_box tf_w\">\n\t\t    <!-- module text -->\n<div  class=\"module module-text tb_j3pr24  repeat\" data-lazy=\"1\">\n        <div  class=\"tb_text_wrap\">\n    <h1 style=\"text-align: center;\">PRESCHOOL SNOWBOARD COURSE<\/h1>\n<div><b>\u00a0<\/b><\/div>\n<h1 style=\"text-align: center;\"><b><img loading=\"lazy\" decoding=\"async\" class=\"alignnone wp-image-2043\" src=\"https:\/\/furamsnowboard.si\/wp-content\/uploads\/2023\/09\/furamstrela-1-300x274.png\" alt=\"\" width=\"201\" height=\"184\" srcset=\"https:\/\/www.furamsnowboard.si\/wp-content\/uploads\/2023\/09\/furamstrela-1-300x274.png 300w, https:\/\/www.furamsnowboard.si\/wp-content\/uploads\/2023\/09\/furamstrela-1-1024x934.png 1024w, https:\/\/www.furamsnowboard.si\/wp-content\/uploads\/2023\/09\/furamstrela-1-768x701.png 768w, https:\/\/www.furamsnowboard.si\/wp-content\/uploads\/2023\/09\/furamstrela-1-1024x934-353x321.png 353w, https:\/\/www.furamsnowboard.si\/wp-content\/uploads\/2023\/09\/furamstrela-1-1024x934-380x350.png 380w, https:\/\/www.furamsnowboard.si\/wp-content\/uploads\/2023\/09\/furamstrela-1-1024x934-221x202.png 221w, https:\/\/www.furamsnowboard.si\/wp-content\/uploads\/2023\/09\/furamstrela-1.png 1127w\" sizes=\"auto, (max-width: 201px) 100vw, 201px\" \/><\/b><\/h1>    <\/div>\n<\/div>\n<!-- \/module text -->\t        <\/div>\n\t    \t<\/div>\n\t\t    <\/div>\n\t<\/div><!-- \/themify_builder_sub_row -->\n\t\t        <\/div>\n\t    \t<\/div>\n\t\t    <\/div>\n\t    <!-- \/row_inner -->\n\t<\/div>\n\t<!-- \/module_row -->\n\t\t<!-- module_row -->\n\t<div  data-lazy=\"1\" class=\"module_row themify_builder_row repeat tb_r3vr699 tf_clearfix\" >\n\t    \t\t<div class=\"row_inner col_align_top tf_box tf_w tf_rel\">\n\t\t\t<div  data-lazy=\"1\" class=\"module_column tb-column col-full first tb_rifm700 tf_box\">\n\t    \t    \t        <div class=\"tb-column-inner tf_box tf_w\">\n\t\t    <!-- module text -->\n<div  class=\"module module-text tb_7bcb336\" data-lazy=\"1\">\n        <div  class=\"tb_text_wrap\">\n    <table id=\"tablepress-8\" class=\"tablepress tablepress-id-8\" style=\"font-size: 16px;\" aria-labelledby=\"tablepress-8-name\"><caption style=\"caption-side: bottom; text-align: left; border: none; background: none; margin: 0; padding: 0;\"><i>\u00a0<\/i><\/caption><caption style=\"caption-side: bottom; text-align: left; border: none; background: none; margin: 0; padding: 0;\"><i>*V primeru velikega povpra\u0161evanja razpisujemo te\u010daje tudi v dodatnih terminih.\u00a0<\/i><\/caption><caption style=\"caption-side: bottom; text-align: left; border: none; background: none; margin: 0; padding: 0;\">\u00a0<\/caption><caption style=\"caption-side: bottom; text-align: left; border: none; background: none; margin: 0; padding: 0;\"><span style=\"text-align: justify; background-color: initial;\">The courses will take place at Krvavec and other ski resorts (by agreement) in different age groups, which will be arranged according to prior experience.\u00a0<\/span><\/caption>\n<thead>\n<tr class=\"row-1\">\n<th class=\"column-1\">\u00a0<\/th>\n<th class=\"column-2\"><span style=\"color: #595454;\">WHEN?<\/span><\/th>\n<th class=\"column-3\"><span style=\"color: #595454;\">WHERE?<\/span><\/th>\n<\/tr>\n<\/thead>\n<tbody class=\"row-striping row-hover\">\n<tr class=\"row-2\">\n<td class=\"column-1\"><span style=\"color: #595454;\">1. COURSE<\/span><\/td>\n<td class=\"column-2\"><span style=\"color: #595454;\">05.01. \u2013 09.01.2026<\/span><\/td>\n<td class=\"column-3\"><span style=\"color: #595454;\">KRVAVEC<\/span><\/td>\n<\/tr>\n<tr class=\"row-3\">\n<td class=\"column-1\"><span style=\"color: #595454;\">2. COURSE <\/span><\/td>\n<td class=\"column-2\"><span style=\"color: #595454;\">26.01. \u2013 30.01.2026<\/span><\/td>\n<td class=\"column-3\"><span style=\"color: #595454;\">KRVAVEC<\/span><\/td>\n<\/tr>\n<tr class=\"row-4\">\n<td class=\"column-1\"><span style=\"color: #595454;\">3. COURSE<\/span><\/td>\n<td class=\"column-2\"><span style=\"color: #595454;\">09.02. \u2013 13.02.2026<\/span><\/td>\n<td class=\"column-3\"><span style=\"color: #595454;\">KRVAVEC<\/span><\/td>\n<\/tr>\n<tr class=\"row-5\">\n<td class=\"column-1\"><span style=\"color: #595454;\">4. COURSE<\/span><\/td>\n<td class=\"column-2\"><span style=\"color: #595454;\">09.03. \u2013 13.03.2026<\/span><\/td>\n<td class=\"column-3\"><span style=\"color: #595454;\">KRVAVEC<\/span><\/td>\n<\/tr>\n<\/tbody>\n<\/table>    <\/div>\n<\/div>\n<!-- \/module text -->\t        <\/div>\n\t    \t<\/div>\n\t\t    <\/div>\n\t    <!-- \/row_inner -->\n\t<\/div>\n\t<!-- \/module_row -->\n\t\t<!-- module_row -->\n\t<div  data-lazy=\"1\" class=\"module_row themify_builder_row tb_zqe1548 tf_clearfix\" >\n\t    \t\t<div class=\"row_inner col_align_top tf_box tf_w tf_rel\">\n\t\t\t<div  data-lazy=\"1\" class=\"module_column tb-column col2-1 first tb_1z4a549 tf_box\">\n\t    \t    \t        <div class=\"tb-column-inner tf_box tf_w\">\n\t\t    <!-- module image -->\n<div  class=\"module module-image tb_exzb923   image-center tf_mw\" data-lazy=\"1\">\n        <div class=\"image-wrap tf_rel tf_mw\">\n\t\t    <img loading=\"lazy\" decoding=\"async\" src=\"https:\/\/furamsnowboard.si\/wp-content\/uploads\/2023\/09\/furamstrela-1.png\" width=\"260\" height=\"233\" title=\"MINI TE\u010cAJI\" alt=\"MINI TE\u010cAJI\">\t\n\t\t<\/div>\n\t<!-- \/image-wrap -->\n    \n    \t<\/div>\n<!-- \/module image -->\t        <\/div>\n\t    \t<\/div>\n\t\t<div  data-lazy=\"1\" class=\"module_column tb-column col2-1 last tb_z8qk550 tf_box\">\n\t    \t    \t        <div class=\"tb-column-inner tf_box tf_w\">\n\t\t    <!-- module text -->\n<div  class=\"module module-text tb_qy1o6  repeat\" data-lazy=\"1\">\n        <div  class=\"tb_text_wrap\">\n    <h1 style=\"text-align: center;\">STRELA<\/h1>\n<div style=\"text-align: center;\"><b>Miniji 3\u00a0\u2013\u00a0<\/b><b style=\"font-size: 1em;\">6 let (za\u010detni, nadaljevalni te\u010daj)<\/b><\/div>\n<div style=\"text-align: center;\"><b>\u00a0<\/b><\/div>\n<div style=\"text-align: center;\"><b>Price: 400 eur<\/b><\/div>\n<div style=\"text-align: center;\"><i>(the price includes a 5-day course, warm lunch, and a gift)\u00a0<\/i><\/div>\n<div style=\"text-align: center;\">\u00a0<\/div>\n<div style=\"text-align: center;\">*Courses are conducted in small groups (1 instructor \/ 3 children)<\/div>\n<div>\u00a0<\/div>\n<div>\u00a0<\/div>    <\/div>\n<\/div>\n<!-- \/module text -->\t        <\/div>\n\t    \t<\/div>\n\t\t    <\/div>\n\t    <!-- \/row_inner -->\n\t<\/div>\n\t<!-- \/module_row -->\n\t\t<!-- module_row -->\n\t<div  data-lazy=\"1\" class=\"module_row themify_builder_row tb_b131511 tf_clearfix\">\n\t    \t\t<div class=\"row_inner col_align_top tf_box tf_w tf_rel\">\n\t\t\t<div  data-lazy=\"1\" class=\"module_column tb-column col-full first tb_253e512 tf_box\">\n\t    \t    \t        <div class=\"tb-column-inner tf_box tf_w\">\n\t\t    <!-- module text -->\n<div  class=\"module module-text tb_vpzs618  repeat\" data-lazy=\"1\">\n        <div  class=\"tb_text_wrap\">\n    <h1 style=\"text-align: center;\"><strong>HOW DOES THE COURSE PROCEED?<\/strong><\/h1>    <\/div>\n<\/div>\n<!-- \/module text -->\t        <\/div>\n\t    \t<\/div>\n\t\t    <\/div>\n\t    <!-- \/row_inner -->\n\t<\/div>\n\t<!-- \/module_row -->\n\t\t<!-- module_row -->\n\t<div  data-lazy=\"1\" class=\"module_row themify_builder_row repeat tb_hal0274 tf_clearfix\" >\n\t    \t\t<div class=\"row_inner col_align_top tf_box tf_w tf_rel\">\n\t\t\t<div  data-lazy=\"1\" class=\"module_column tb-column col-full first tb_w8oy275 tf_box\">\n\t    \t    \t        <div class=\"tb-column-inner tf_box tf_w\">\n\t\t    <!-- module text -->\n<div  class=\"module module-text tb_k6im30\" data-lazy=\"1\">\n        <div  class=\"tb_text_wrap\">\n    <table id=\"tablepress-9\" class=\"tablepress tablepress-id-9\" style=\"width: 100%;\"><caption style=\"caption-side: bottom; text-align: left; border: none; background: none; margin: 0; padding: 0;\"><span style=\"font-style: italic;\">\u00a0<\/span><\/caption><caption style=\"caption-side: bottom; text-align: left; border: none; background: none; margin: 0; padding: 0;\"><span style=\"font-style: italic;\">*The price includes a warm lunch.<br>*The price includes a gift.<\/span><\/caption><caption style=\"caption-side: bottom; text-align: left; border: none; background: none; margin: 0; padding: 0;\"><span style=\"font-style: italic;\">*The price does NOT include ski passes.<\/span><\/caption><caption style=\"caption-side: bottom; text-align: left; border: none; background: none; margin: 0; padding: 0;\"><span style=\"font-style: italic;\">*We offer a discount for each additional child from the same family.<\/span><\/caption>\n<thead>\n<tr class=\"row-1\">\n<th class=\"column-1\" style=\"width: 25.7812%;\"><span style=\"color: #595454;\">TIME<\/span><\/th>\n<th class=\"column-2\" style=\"width: 71.0938%;\"><span style=\"color: #595454;\">ACTIVITY<\/span><\/th>\n<\/tr>\n<\/thead>\n<tbody class=\"row-striping row-hover\">\n<tr class=\"row-2\">\n<td class=\"column-1\" style=\"width: 25.7812%;\"><span style=\"color: #595454;\">10:00 \u2013 10:15<\/span><\/td>\n<td class=\"column-2\" style=\"width: 71.0938%;\"><span style=\"color: #595454;\">Meeting at the lower station of the cable car<\/span><\/td>\n<\/tr>\n<tr class=\"row-3\">\n<td class=\"column-1\" style=\"width: 25.7812%;\"><span style=\"color: #595454;\">10:30 \u2013 11:00<\/span><\/td>\n<td class=\"column-2\" style=\"width: 71.0938%;\"><span style=\"color: #595454;\">Warm-up and snow games<\/span><\/td>\n<\/tr>\n<tr class=\"row-4\">\n<td class=\"column-1\" style=\"width: 25.7812%;\"><span style=\"color: #595454;\">11:00 \u2013 13:00<\/span><\/td>\n<td class=\"column-2\" style=\"width: 71.0938%;\"><span style=\"color: #595454;\">Snowboarding lessons<\/span><\/td>\n<\/tr>\n<tr class=\"row-5\">\n<td class=\"column-1\" style=\"width: 25.7812%;\"><span style=\"color: #595454;\">13:00 \u2013 13:30<\/span><\/td>\n<td class=\"column-2\" style=\"width: 71.0938%;\"><span style=\"color: #595454;\">Lunch break<\/span><\/td>\n<\/tr>\n<tr class=\"row-6\">\n<td class=\"column-1\" style=\"width: 25.7812%;\"><span style=\"color: #595454;\">13:30 \u2013 14:45<\/span><\/td>\n<td class=\"column-2\" style=\"width: 71.0938%;\"><span style=\"color: #595454;\">Snowboarding lessons<\/span><\/td>\n<\/tr>\n<tr class=\"row-7\">\n<td class=\"column-1\" style=\"width: 25.7812%;\"><span style=\"color: #595454;\">15:00 \u2013 15:15<\/span><\/td>\n<td class=\"column-2\" style=\"width: 71.0938%;\"><span style=\"color: #595454;\">Meeting at the lower station of the cable car<\/span><\/td>\n<\/tr>\n<\/tbody>\n<\/table>\n<p>\u00a0<\/p>    <\/div>\n<\/div>\n<!-- \/module text -->\t        <\/div>\n\t    \t<\/div>\n\t\t    <\/div>\n\t    <!-- \/row_inner -->\n\t<\/div>\n\t<!-- \/module_row -->\n\t<\/div>\n<!--\/themify_builder_content-->","protected":false},"excerpt":{"rendered":"<p>TE\u010cAJI ZA MINIJE \u00a0 \u00a0 *V primeru velikega povpra\u0161evanja razpisujemo te\u010daje tudi v dodatnih terminih.\u00a0 \u00a0 Te\u010daji\u00a0bodo potekali na Krvavcu ter drugih smu\u010di\u0161\u010dih (po dogovoru) v razli\u010dnih starostnih skupinah, katere bodo razporejene glede na predhodno znanje.\u00a0 \u00a0 KDAJ? KJE? 1. TE\u010cAJ 05.01. \u2013 09.01.2026 KRVAVEC 2. TE\u010cAJ 26.01. \u2013 30.01.2026 KRVAVEC 3. TE\u010cAJ 09.02. \u2013 [&hellip;]<\/p>","protected":false},"author":1,"featured_media":0,"parent":0,"menu_order":0,"comment_status":"closed","ping_status":"closed","template":"","meta":{"om_disable_all_campaigns":false,"_monsterinsights_skip_tracking":false,"_monsterinsights_sitenote_active":false,"_monsterinsights_sitenote_note":"","_monsterinsights_sitenote_category":0,"footnotes":""},"class_list":["post-3973","page","type-page","status-publish","hentry","has-post-title","has-post-date","has-post-category","has-post-tag","has-post-comment","has-post-author",""],"aioseo_notices":[],"jetpack_sharing_enabled":true,"_links":{"self":[{"href":"https:\/\/www.furamsnowboard.si\/en\/wp-json\/wp\/v2\/pages\/3973","targetHints":{"allow":["GET"]}}],"collection":[{"href":"https:\/\/www.furamsnowboard.si\/en\/wp-json\/wp\/v2\/pages"}],"about":[{"href":"https:\/\/www.furamsnowboard.si\/en\/wp-json\/wp\/v2\/types\/page"}],"author":[{"embeddable":true,"href":"https:\/\/www.furamsnowboard.si\/en\/wp-json\/wp\/v2\/users\/1"}],"replies":[{"embeddable":true,"href":"https:\/\/www.furamsnowboard.si\/en\/wp-json\/wp\/v2\/comments?post=3973"}],"version-history":[{"count":26,"href":"https:\/\/www.furamsnowboard.si\/en\/wp-json\/wp\/v2\/pages\/3973\/revisions"}],"predecessor-version":[{"id":4280,"href":"https:\/\/www.furamsnowboard.si\/en\/wp-json\/wp\/v2\/pages\/3973\/revisions\/4280"}],"wp:attachment":[{"href":"https:\/\/www.furamsnowboard.si\/en\/wp-json\/wp\/v2\/media?parent=3973"}],"curies":[{"name":"wp","href":"https:\/\/api.w.org\/{rel}","templated":true}]}}