{"id":1932,"date":"2023-09-17T21:25:46","date_gmt":"2023-09-17T21:25:46","guid":{"rendered":"https:\/\/furamsnowboard.si\/?page_id=1932"},"modified":"2025-01-22T15:13:15","modified_gmt":"2025-01-22T15:13:15","slug":"mini-snowboarder","status":"publish","type":"page","link":"https:\/\/www.furamsnowboard.si\/en\/mini-snowboarder\/","title":{"rendered":"MINI SNOWBOARDER"},"content":{"rendered":"<!--themify_builder_content-->\n<div id=\"themify_builder_content-1932\" data-postid=\"1932\" class=\"themify_builder_content themify_builder_content-1932 themify_builder tf_clear\">\n    \t<!-- module_row -->\n\t<div  data-lazy=\"1\" class=\"module_row themify_builder_row tb_g521842 tb_first tf_clearfix\">\n\t    \t\t<div class=\"row_inner col_align_top tf_box tf_w tf_rel\">\n\t\t\t<div  data-lazy=\"1\" class=\"module_column tb-column col-full first tb_d2z7843 tf_box\">\n\t    \t    \t        <div class=\"tb-column-inner tf_box tf_w\">\n\t\t    <!-- module text -->\n<div  class=\"module module-text tb_u8px244  repeat\" data-lazy=\"1\">\n        <div  class=\"tb_text_wrap\">\n    <h1 style=\"text-align: center;\">MINI SNOWBOARDER<\/h1>\n<p><img loading=\"lazy\" decoding=\"async\" class=\"wp-image-2043 aligncenter\" src=\"https:\/\/furamsnowboard.si\/wp-content\/uploads\/2023\/09\/furamstrela-1-300x274.png\" alt=\"\" width=\"201\" height=\"184\" srcset=\"https:\/\/www.furamsnowboard.si\/wp-content\/uploads\/2023\/09\/furamstrela-1-300x274.png 300w, https:\/\/www.furamsnowboard.si\/wp-content\/uploads\/2023\/09\/furamstrela-1-1024x934.png 1024w, https:\/\/www.furamsnowboard.si\/wp-content\/uploads\/2023\/09\/furamstrela-1-768x701.png 768w, https:\/\/www.furamsnowboard.si\/wp-content\/uploads\/2023\/09\/furamstrela-1-1024x934-353x321.png 353w, https:\/\/www.furamsnowboard.si\/wp-content\/uploads\/2023\/09\/furamstrela-1-1024x934-380x350.png 380w, https:\/\/www.furamsnowboard.si\/wp-content\/uploads\/2023\/09\/furamstrela-1-1024x934-221x202.png 221w, https:\/\/www.furamsnowboard.si\/wp-content\/uploads\/2023\/09\/furamstrela-1.png 1127w\" sizes=\"auto, (max-width: 201px) 100vw, 201px\" \/><span style=\"font-size: 1em;\">\u00a0<\/span><\/p>    <\/div>\n<\/div>\n<!-- \/module text -->\t        <\/div>\n\t    \t<\/div>\n\t\t    <\/div>\n\t    <!-- \/row_inner -->\n\t<\/div>\n\t<!-- \/module_row -->\n\t\t<!-- module_row -->\n\t<div  data-lazy=\"1\" class=\"module_row themify_builder_row tb_9s5v700 tf_clearfix\">\n\t    \t\t<div class=\"row_inner col_align_top tf_box tf_w tf_rel\">\n\t\t\t<div  data-lazy=\"1\" class=\"module_column tb-column col-full first tb_fjk3702 tf_box\">\n\t    \t    \t        <div class=\"tb-column-inner tf_box tf_w\">\n\t\t    \t<div  data-lazy=\"1\" class=\"module_subrow themify_builder_sub_row tb_vum323 tf_w tf_clearfix\">\n\t    \t\t<div class=\"subrow_inner col_align_top tf_box tf_w\">\n\t\t\t<div  data-lazy=\"1\" class=\"sub_column module_column tf_box col-full first tb_iji625\"> \n\t    \t    \t        <div class=\"tb-column-inner tf_box tf_w\">\n\t\t    <!-- module text -->\n<div  class=\"module module-text tb_d4l6261  repeat\" data-lazy=\"1\">\n        <div  class=\"tb_text_wrap\">\n    <p style=\"text-align: justify;\" class=\"translation-block\">MINI SNOWBOARDER programs are designed for preschool children (ages 3-6). Through play, children learn snowboarding in a way that fosters imagination, helping them develop essential motor skills, creativity, and social bonds in a natural and relaxed environment. Our little riders get familiar with both basic and more advanced sliding techniques. Special attention is given to safety, as they not only learn snowboarding but also how to navigate different slopes and use ski lifts safely. Along the way, they build strong friendships and have endless fun.\n\nSince preschool children require special care and support, learning takes place in small groups (2-5 children), with an instructor always present. Most sessions take place at Krvavec, but we are also available at other locations upon request. In addition to 5-day courses throughout the season, we also offer private lessons. Experience shows that preschoolers are most excited about group courses, as learning with peers enhances their progress and enables longer-lasting programs.\n\nOur goal is to help young snowboarders gain confidence in controlling their speed on different terrains and slopes, stopping safely, and becoming familiar with various snowboarding elements and ski lift operations. Additionally, parents of preschoolers often participate in the course to learn how to properly and safely assist their children on the snowboard and ski lifts.<\/p>    <\/div>\n<\/div>\n<!-- \/module text -->\t        <\/div>\n\t    \t<\/div>\n\t\t    <\/div>\n\t<\/div><!-- \/themify_builder_sub_row -->\n\t\t        <\/div>\n\t    \t<\/div>\n\t\t    <\/div>\n\t    <!-- \/row_inner -->\n\t<\/div>\n\t<!-- \/module_row -->\n\t\t<!-- module_row -->\n\t<div  data-lazy=\"1\" class=\"module_row themify_builder_row tb_tz2j24 tf_clearfix\" >\n\t    \t\t<div class=\"row_inner col_align_top tf_box tf_w tf_rel\">\n\t\t\t<div  data-lazy=\"1\" class=\"module_column tb-column col4-2 first tb_mz1r25 tf_box\">\n\t    \t    \t        <div class=\"tb-column-inner tf_box tf_w\">\n\t\t    <!-- module text -->\n<div  class=\"module module-text tb_uqsy422  repeat\" data-lazy=\"1\">\n        <div  class=\"tb_text_wrap\">\n    <p><span style=\"font-size: 18pt;\"><b>WHY TEACHING PRESCHOOL CHILDREN?<\/b><\/span><\/p>\n<p style=\"text-align: justify;\">Most skiing\/snowboarding schools are not primarily tailored for teaching preschoolers, or they give them too little attention. Due to the lack of experienced snowboarding instructors with the right sensitivity and responsibility for working with toddlers, a snowboarding lesson can quickly turn into a disappointment. In our school, we are fully aware of the responsibility we have in introducing your little one to the world of snowboarding through play, alongside peers and excellent teachers. With us, your toddler, just like you, will come to love this sport and will always look forward to new adventures on the board.<\/p>    <\/div>\n<\/div>\n<!-- \/module text -->\t        <\/div>\n\t    \t<\/div>\n\t\t<div  data-lazy=\"1\" class=\"module_column tb-column col4-2 last tb_2jzk779 repeat tf_box\">\n\t    \t    \t        <div class=\"tb-column-inner tf_box tf_w\">\n\t\t    <!-- module text -->\n<div  class=\"module module-text tb_hon667  repeat\" data-lazy=\"1\">\n        <div  class=\"tb_text_wrap\">\n    <p><span style=\"font-size: 18pt;\"><b style=\"background-color: initial;\">GROUP OR PRIVATE LESSONS?<\/b><\/span><\/p>\n<p style=\"text-align: justify;\">Children who participate in our weekly\/daily courses easily spend 5 hours with us. This includes playtime, multiple breaks, warm-up games, snacks, and more. The children are on the snow almost all day and slowly, but steadily, develop a love for this sport. During individual lessons, the learning of snowboarding is more intensive, and children require less time to acquire the necessary skills. However, they are not involved in the snow fun with peers. At this age, the most important thing is for children to develop a love for snowboarding and everything associated with it, while also mastering the basics, and even some advanced techniques.<\/p>    <\/div>\n<\/div>\n<!-- \/module text -->\t        <\/div>\n\t    \t<\/div>\n\t\t    <\/div>\n\t    <!-- \/row_inner -->\n\t<\/div>\n\t<!-- \/module_row -->\n\t\t<!-- module_row -->\n\t<div  data-lazy=\"1\" class=\"module_row themify_builder_row tb_i1si190 tf_clearfix\" >\n\t    \t\t<div class=\"row_inner col_align_top tf_box tf_w tf_rel\">\n\t\t\t<div  data-lazy=\"1\" class=\"module_column tb-column col4-2 first tb_zvjf191 tf_box\">\n\t    \t    \t        <div class=\"tb-column-inner tf_box tf_w\">\n\t\t    <!-- module text -->\n<div  class=\"module module-text tb_toip191  repeat\" data-lazy=\"1\">\n        <div  class=\"tb_text_wrap\">\n    <p><span style=\"text-align: justify; background-color: initial; font-size: 18pt;\"><b>KOLIKO OTROK JE V SKUPINI?<\/b><\/span><\/p>\n<p style=\"text-align: justify;\">In beginner groups for toddlers, to ensure safety, engagement, and progress, there is at least one teacher for every three children. In more advanced groups, there are a maximum of five children per teacher. This approach facilitates faster progress for your toddlers and ensures the continuous presence of a teacher who is dedicated to their advancement.<\/p>    <\/div>\n<\/div>\n<!-- \/module text -->\t        <\/div>\n\t    \t<\/div>\n\t\t<div  data-lazy=\"1\" class=\"module_column tb-column col4-2 last tb_pv1z191 tf_box\">\n\t    \t    \t        <div class=\"tb-column-inner tf_box tf_w\">\n\t\t    <!-- module text -->\n<div  class=\"module module-text tb_zbxa192  repeat\" data-lazy=\"1\">\n        <div  class=\"tb_text_wrap\">\n    <p style=\"text-align: left;\"><span style=\"font-size: 18pt;\"><b>DO THEY LAST MORE THAN 1 HOUR?<\/b><\/span><\/p>\n<p style=\"text-align: justify;\"><span style=\"background-color: initial; font-size: 1em;\">It is very important for them to have a good relationship with the instructor and to perceive snowboarding positively. Most children have no problem enduring 1 hour of snowboarding, but it is crucial that they get along well with the instructor and enjoy themselves. This is particularly important during individual lessons, and somewhat less so during group courses, where children are with their peers, and one hour passes quickly for them.<\/span><\/p>    <\/div>\n<\/div>\n<!-- \/module text -->\t        <\/div>\n\t    \t<\/div>\n\t\t    <\/div>\n\t    <!-- \/row_inner -->\n\t<\/div>\n\t<!-- \/module_row -->\n\t<\/div>\n<!--\/themify_builder_content-->","protected":false},"excerpt":{"rendered":"<p>MINI SNOWBOARDER \u00a0 MINI SNOWBOARDER so programi, ki so prilagojeni pred\u0161olskim otrokom (3-6 let). Pri teh programih se otroci skozi igro u\u010dijo deskanja, kjer igra pomembno vlogo domi\u0161ljija. Tako razvijajo pomembne motori\u010dne sposobnosti, domi\u0161ljijo in se dru\u017eijo z vrstniki v naravnem in spro\u0161\u010denem okolju. Mal\u010dki se pri nas spoznavajo z osnovnimi in naprednej\u0161imi tehnikami drsenja [&hellip;]<\/p>","protected":false},"author":1,"featured_media":0,"parent":0,"menu_order":0,"comment_status":"closed","ping_status":"closed","template":"","meta":{"om_disable_all_campaigns":false,"_monsterinsights_skip_tracking":false,"_monsterinsights_sitenote_active":false,"_monsterinsights_sitenote_note":"","_monsterinsights_sitenote_category":0,"footnotes":""},"class_list":["post-1932","page","type-page","status-publish","hentry","has-post-title","has-post-date","has-post-category","has-post-tag","has-post-comment","has-post-author",""],"aioseo_notices":[],"jetpack_sharing_enabled":true,"_links":{"self":[{"href":"https:\/\/www.furamsnowboard.si\/en\/wp-json\/wp\/v2\/pages\/1932","targetHints":{"allow":["GET"]}}],"collection":[{"href":"https:\/\/www.furamsnowboard.si\/en\/wp-json\/wp\/v2\/pages"}],"about":[{"href":"https:\/\/www.furamsnowboard.si\/en\/wp-json\/wp\/v2\/types\/page"}],"author":[{"embeddable":true,"href":"https:\/\/www.furamsnowboard.si\/en\/wp-json\/wp\/v2\/users\/1"}],"replies":[{"embeddable":true,"href":"https:\/\/www.furamsnowboard.si\/en\/wp-json\/wp\/v2\/comments?post=1932"}],"version-history":[{"count":29,"href":"https:\/\/www.furamsnowboard.si\/en\/wp-json\/wp\/v2\/pages\/1932\/revisions"}],"predecessor-version":[{"id":4022,"href":"https:\/\/www.furamsnowboard.si\/en\/wp-json\/wp\/v2\/pages\/1932\/revisions\/4022"}],"wp:attachment":[{"href":"https:\/\/www.furamsnowboard.si\/en\/wp-json\/wp\/v2\/media?parent=1932"}],"curies":[{"name":"wp","href":"https:\/\/api.w.org\/{rel}","templated":true}]}}